{"id":9422,"date":"2025-09-08T14:44:17","date_gmt":"2025-09-08T19:44:17","guid":{"rendered":"https:\/\/www.austral.com.pe\/?page_id=9422"},"modified":"2025-09-11T13:08:00","modified_gmt":"2025-09-11T18:08:00","slug":"prueba","status":"publish","type":"page","link":"https:\/\/www.austral.com.pe\/en\/prueba\/","title":{"rendered":"Prueba"},"content":{"rendered":"\t\t<div data-elementor-type=\"wp-page\" data-elementor-id=\"9422\" class=\"elementor elementor-9422\" data-elementor-post-type=\"page\">\n\t\t\t\t\t\t<section class=\"elementor-section elementor-top-section elementor-element elementor-element-dc3a31d elementor-section-boxed elementor-section-height-default elementor-section-height-default\" data-id=\"dc3a31d\" data-element_type=\"section\" data-e-type=\"section\" data-settings=\"{&quot;background_background&quot;:&quot;classic&quot;}\">\n\t\t\t\t\t\t<div class=\"elementor-container elementor-column-gap-default\">\n\t\t\t\t\t<div class=\"elementor-column elementor-col-50 elementor-top-column elementor-element elementor-element-6285e32\" data-id=\"6285e32\" data-element_type=\"column\" data-e-type=\"column\">\n\t\t\t<div class=\"elementor-widget-wrap elementor-element-populated\">\n\t\t\t\t\t\t<div class=\"elementor-element elementor-element-02a7afd elementor-widget elementor-widget-heading\" data-id=\"02a7afd\" data-element_type=\"widget\" data-e-type=\"widget\" data-widget_type=\"heading.default\">\n\t\t\t\t<div class=\"elementor-widget-container\">\n\t\t\t\t\t<h3 class=\"elementor-heading-title elementor-size-default\">Nuestros valores<\/h3>\t\t\t\t<\/div>\n\t\t\t\t<\/div>\n\t\t\t\t<div class=\"elementor-element elementor-element-4064ffe elementor-invisible elementor-widget elementor-widget-ucaddon_interactive_circle_infographic\" data-id=\"4064ffe\" data-element_type=\"widget\" data-e-type=\"widget\" data-settings=\"{&quot;_animation&quot;:&quot;zoomInUp&quot;}\" data-widget_type=\"ucaddon_interactive_circle_infographic.default\">\n\t\t\t\t<div class=\"elementor-widget-container\">\n\t\t\t\t\t\n<!-- start Interactive Circle Infographic -->\n\t\t<link id='font-awesome-css' href='https:\/\/www.austral.com.pe\/wp-content\/plugins\/unlimited-elements-for-elementor\/assets_libraries\/font-awesome6\/fontawesome-all.min.css' type='text\/css' rel='stylesheet' >\n\t\t<link id='font-awesome-4-shim-css' href='https:\/\/www.austral.com.pe\/wp-content\/plugins\/unlimited-elements-for-elementor\/assets_libraries\/font-awesome6\/fontawesome-v4-shims.min.css' type='text\/css' rel='stylesheet' >\n\n<style>\/* widget: Interactive Circle Infographic *\/\n\n\/**\n Copyright 2019 Itay Grudev\n License: MIT\n *\/\n\n#uc_interactive_circle_infographic_elementor_4064ffe \n{\nopacity: 0;\ntransition: opacity 0.2s;\nposition: relative;\nmargin:0 auto;\nbox-sizing:border-box;\nborder-radius: 50%;\n\t\nheight:375px;\nwidth:375px;\n}\n\n#uc_interactive_circle_infographic_elementor_4064ffe.uc-full-opacity{\nopacity: 1;\n}\n\n#uc_interactive_circle_infographic_elementor_4064ffe.ciclegraph::before\n{\ncontent: \"\";\nposition: absolute;\nwidth: 100%;\nheight: 100%;\nborder-radius: 50%;\nz-index: 2;\n\t\n}\n\n#uc_interactive_circle_infographic_elementor_4064ffe .uc-circle-wrapper{\nposition: relative;\nwidth: 100%;\nheight: 100%;\nborder-radius: 50%;\nz-index: 2;\noverflow: hidden;\n\t  \n}\n\n#uc_interactive_circle_infographic_elementor_4064ffe .uc-circle-wrapper::before{\ncontent: \"\";\nposition: absolute;\nwidth: ;\nheight: ;\nborder-radius: 50%;\nz-index: 2;\ntop: 50%;\nleft: 50%;\ntransform: translate(-50%, -50%);\nbox-sizing: content-box;\n}\n\n#uc_interactive_circle_infographic_elementor_4064ffe .innerCircle\n{\nheight:375px;\nwidth:375px;\n}\n\n#uc_interactive_circle_infographic_elementor_4064ffe.ciclegraph .uc-circle {\nposition: absolute;\ntop: 50%;\nleft: 50%;\nbox-sizing:border-box;\ndisplay:flex;\nalign-items:center;\njustify-content:center;\nflex-direction:column;\ncursor:pointer;\ntext-align: center;\ntransition:0.5s;\nz-index: 5;\noutline: none;\nborder-radius: 50%;\n}\n\n\n#uc_interactive_circle_infographic_elementor_4064ffe .ue_btn_txt{\n display: flex;\n justify-content: center;\n}\n\n  #uc_interactive_circle_infographic_elementor_4064ffe .center-line-wrapper{\n    position: absolute;\n    left: 50%;\n    top: 50%;\n    transform-origin: 0% 50%;\n    display: flex;\n    transition: all .3s;\n  }\n  #uc_interactive_circle_infographic_elementor_4064ffe .center-line,\n  #uc_interactive_circle_infographic_elementor_4064ffe .center-line-spacing{\n      transition: all .3s;\n  }\n\n#uc_interactive_circle_infographic_elementor_4064ffe.ciclegraph .uc-circle:hover\n{\n  transform: scale(1.1,1.1);\n}\n\n#uc_interactive_circle_infographic_elementor_4064ffe.ciclegraph .uc-circle:active\n{\n  transform: scale(0.9,0.9);\n}\n\n\n\n\n#uc_interactive_circle_infographic_elementor_4064ffe.ciclegraph .innerCircle\n{\n\n  display:flex;\n  align-items:center;\n  justify-content:center;\n  flex-direction: column;\n  box-sizing:border-box;\n  text-align:center;\n  position: relative;\n  z-index: 4;\n  position: absolute;\n  top: 0;\n  left: 0;\n  right: 0;\n  bottom: 0;\n}\n\n#uc_interactive_circle_infographic_elementor_4064ffe .ue_item_image img\n{\n  display:block;\n  width:100%;\n  object-fit: cover;\n}\n\n\n#uc_interactive_circle_infographic_elementor_4064ffe.ciclegraph .innerCircleIcon\n{\n  text-align:center;\n  display: flex;\n  justify-content: center;\n  align-items: center;\n}\n\n#uc_interactive_circle_infographic_elementor_4064ffe .uc-segment-circle\n{\nposition: absolute;\nwidth: 100%;\nheight: 100%;\nborder-radius: 50%;\noverflow: hidden;\ntop: 0;\nleft: 0;\n}\n\n#uc_interactive_circle_infographic_elementor_4064ffe .uc-segment\n{\ndisplay: block;  \noverflow: hidden;\nposition: absolute;\ntop: -50%;\nright: -50%;\nwidth: 100%;\nheight: 100%;\ntransform-origin: 0% 100%;\nz-index: 10;\ncursor: pointer;  \ntransition: background-color color .3s;  \n  \n}\n\n#uc_interactive_circle_infographic_elementor_4064ffe .uc-segment-border-inner-circle\n{\nposition: absolute;\nwidth: ;\nheight: ;\nborder-radius: 50%;\ntop: 0;\nright: 0;\nbottom: 0;\nleft: 0;\nmargin: auto;\nbackground: #ffffff;\nz-index: 2;\ndisplay:flex;\nalign-items:center;\njustify-content:center;\nflex-direction: column;\ntext-align:center;\noverflow: hidden;\n}\n\n#uc_interactive_circle_infographic_elementor_4064ffe .uc-segment-item\n{\nposition: absolute;\nleft: -100%;\nwidth: 200%;\nheight: 200%;\n}\n\n#uc_interactive_circle_infographic_elementor_4064ffe .uc-separator-outer\n{\nposition: absolute;\nheight: 11px;\nbackground-color: #fff;\ntop: calc(50% - 11px \/ 2);\nleft: 50%;\ntransform-origin: 0 calc(11px \/ 2);\nz-index: 2;\n}\n\n\n\t\n\n\n\n@media screen and (max-width: 1024px) {\n  \n#uc_interactive_circle_infographic_elementor_4064ffe {\n  height:300px;\n  width:300px;\n}\n\n#uc_interactive_circle_infographic_elementor_4064ffe .innerCircle\n{\n  height:300px;\n  width:300px;\n}\n}\n\n@media screen and (max-width: 767px) {\n  #uc_interactive_circle_infographic_elementor_4064ffe {\n  height:265px;\n  width:265px;\n}\n\n#uc_interactive_circle_infographic_elementor_4064ffe .innerCircle\n{\n  height:265px;\n  width:265px;\n}\n}\n#uc_interactive_circle_infographic_elementor_4064ffe_item1{\nbackground-color: ;\n}\n\n#uc_interactive_circle_infographic_elementor_4064ffe_item2{\nbackground-color: ;\n}\n\n#uc_interactive_circle_infographic_elementor_4064ffe_item3{\nbackground-color: ;\n}\n\n#uc_interactive_circle_infographic_elementor_4064ffe_item4{\nbackground-color: ;\n}\n\n#uc_interactive_circle_infographic_elementor_4064ffe_item5{\nbackground-color: ;\n}\n\n\n\n<\/style>\n\n<div id=\"uc_interactive_circle_infographic_elementor_4064ffe\" class=\"ciclegraph   \"  data-selecteditem=\"false\" data-selecteditem-num=\"1\" data-show-segments=\"false\" data-close-body=\"true\" data-trigger-type=\"click\" >\n    \t<div class=\"uc-items-wrapper\"><div class=\"uc-circle \" id=\"uc_interactive_circle_infographic_elementor_4064ffe_item1\" data-number-id=\"1\" tabindex=\"0\" >\n\n  <div class=\"uc-circle-inner\">      \n    \n           <span class=\"ue_btn_txt\">Sumamos m\u00e1s en equipo<\/span>\n       \n  <\/div>\n<\/div>\n<div class=\"uc-circle \" id=\"uc_interactive_circle_infographic_elementor_4064ffe_item2\" data-number-id=\"2\" tabindex=\"0\" >\n\n  <div class=\"uc-circle-inner\">      \n    \n           <span class=\"ue_btn_txt\">Actuamos con integridad<\/span>\n       \n  <\/div>\n<\/div>\n<div class=\"uc-circle \" id=\"uc_interactive_circle_infographic_elementor_4064ffe_item3\" data-number-id=\"3\" tabindex=\"0\" >\n\n  <div class=\"uc-circle-inner\">      \n    \n           <span class=\"ue_btn_txt\">Impulsamos el aprendizaje<\/span>\n       \n  <\/div>\n<\/div>\n<div class=\"uc-circle \" id=\"uc_interactive_circle_infographic_elementor_4064ffe_item4\" data-number-id=\"4\" tabindex=\"0\" >\n\n  <div class=\"uc-circle-inner\">      \n    \n           <span class=\"ue_btn_txt\">Tratamos a tod@s con respeto<\/span>\n       \n  <\/div>\n<\/div>\n<div class=\"uc-circle \" id=\"uc_interactive_circle_infographic_elementor_4064ffe_item5\" data-number-id=\"5\" tabindex=\"0\" >\n\n  <div class=\"uc-circle-inner\">      \n    \n           <span class=\"ue_btn_txt\">Pasi\u00f3n por la excelencia<\/span>\n       \n  <\/div>\n<\/div>\n<\/div>\n   \n    \t<div class=\"innerCircle\">\n      <div class=\"innerCircleTitle\">Nuestros valores<\/div>\n      <div><div class=\"innerCircleSeperator\"><\/div><\/div>\n      <div class=\"innerCircleText\">Estos son los valores que caracterizan nuestra cutlura<\/div>\n    <\/div>\n  \t<div class=\"uc-items-wrapper2\">\n     \n\n\n\n<div id=\"uc_interactive_circle_infographic_elementor_4064ffe_item1_content\" class=\"uc-circle-content\" style=\"display:none\">\n  \t \n    <div class=\"innerCircleTitle\">Equipo<\/div> \n  \t<div><div class=\"innerCircleSeperator\"><\/div><\/div>\n  \t<div class=\"innerCircleText\"><strong>Sumamos<\/strong> m\u00e1s <strong>en equipo<\/strong><\/div> \n     \n<\/div>\n\n\n\n\n<div id=\"uc_interactive_circle_infographic_elementor_4064ffe_item2_content\" class=\"uc-circle-content\" style=\"display:none\">\n  \t \n    <div class=\"innerCircleTitle\">Integridad<\/div> \n  \t<div><div class=\"innerCircleSeperator\"><\/div><\/div>\n  \t<div class=\"innerCircleText\"><strong>Actuamos<\/strong> con <strong>integridad<\/strong><\/div> \n     \n<\/div>\n\n\n\n\n<div id=\"uc_interactive_circle_infographic_elementor_4064ffe_item3_content\" class=\"uc-circle-content\" style=\"display:none\">\n  \t \n    <div class=\"innerCircleTitle\">Aprendizaje<\/div> \n  \t<div><div class=\"innerCircleSeperator\"><\/div><\/div>\n  \t<div class=\"innerCircleText\"><strong>Impulsamos<\/strong> el <strong>aprendizaje<\/strong><\/div> \n     \n<\/div>\n\n\n\n\n<div id=\"uc_interactive_circle_infographic_elementor_4064ffe_item4_content\" class=\"uc-circle-content\" style=\"display:none\">\n  \t \n    <div class=\"innerCircleTitle\">Respeto<\/div> \n  \t<div><div class=\"innerCircleSeperator\"><\/div><\/div>\n  \t<div class=\"innerCircleText\"><strong>Tratamos<\/strong> a tod@s con <strong>respeto<\/strong><\/div> \n     \n<\/div>\n\n\n\n\n<div id=\"uc_interactive_circle_infographic_elementor_4064ffe_item5_content\" class=\"uc-circle-content\" style=\"display:none\">\n  \t \n    <div class=\"innerCircleTitle\">Excelencia<\/div> \n  \t<div><div class=\"innerCircleSeperator\"><\/div><\/div>\n  \t<div class=\"innerCircleText\">Tenemos <strong>pasi\u00f3n<\/strong> por la <strong>excelencia<\/strong><\/div> \n     \n<\/div>\n\n   <\/div>\n  <\/div>\n<!-- end Interactive Circle Infographic -->\t\t\t\t<\/div>\n\t\t\t\t<\/div>\n\t\t\t\t\t<\/div>\n\t\t<\/div>\n\t\t\t\t<div class=\"elementor-column elementor-col-50 elementor-top-column elementor-element elementor-element-9db1518\" data-id=\"9db1518\" data-element_type=\"column\" data-e-type=\"column\">\n\t\t\t<div class=\"elementor-widget-wrap elementor-element-populated\">\n\t\t\t\t\t\t<div class=\"elementor-element elementor-element-3c0d8bb elementor-widget elementor-widget-heading\" data-id=\"3c0d8bb\" data-element_type=\"widget\" data-e-type=\"widget\" data-widget_type=\"heading.default\">\n\t\t\t\t<div class=\"elementor-widget-container\">\n\t\t\t\t\t<h3 class=\"elementor-heading-title elementor-size-default\">Nuestros factores de \u00e9xito<\/h3>\t\t\t\t<\/div>\n\t\t\t\t<\/div>\n\t\t\t\t<section class=\"elementor-section elementor-inner-section elementor-element elementor-element-4ecd2ec elementor-section-height-min-height elementor-section-boxed elementor-section-height-default\" data-id=\"4ecd2ec\" data-element_type=\"section\" data-e-type=\"section\">\n\t\t\t\t\t\t<div class=\"elementor-container elementor-column-gap-default\">\n\t\t\t\t\t<div class=\"elementor-column elementor-col-100 elementor-inner-column elementor-element elementor-element-ccd8ba1 elementor-invisible\" data-id=\"ccd8ba1\" data-element_type=\"column\" data-e-type=\"column\" data-settings=\"{&quot;motion_fx_motion_fx_scrolling&quot;:&quot;yes&quot;,&quot;animation&quot;:&quot;zoomIn&quot;,&quot;motion_fx_devices&quot;:[&quot;desktop&quot;,&quot;tablet&quot;,&quot;mobile&quot;]}\">\n\t\t\t<div class=\"elementor-widget-wrap elementor-element-populated\">\n\t\t\t\t\t\t<div class=\"elementor-element elementor-element-22e2ffd elementor-invisible elementor-widget elementor-widget-text-editor\" data-id=\"22e2ffd\" data-element_type=\"widget\" data-e-type=\"widget\" data-settings=\"{&quot;_animation&quot;:&quot;zoomIn&quot;,&quot;_animation_delay&quot;:800}\" data-widget_type=\"text-editor.default\">\n\t\t\t\t<div class=\"elementor-widget-container\">\n\t\t\t\t\t\t\t\t\t<p>Estar preparados<\/p><p>Trabajar con eficiencia<\/p><p>Liderar con responsabilidad<\/p>\t\t\t\t\t\t\t\t<\/div>\n\t\t\t\t<\/div>\n\t\t\t\t\t<\/div>\n\t\t<\/div>\n\t\t\t\t\t<\/div>\n\t\t<\/section>\n\t\t\t\t\t<\/div>\n\t\t<\/div>\n\t\t\t\t\t<\/div>\n\t\t<\/section>\n\t\t\t\t<\/div>\n\t\t","protected":false},"excerpt":{"rendered":"<p>Nuestros valores Sumamos m\u00e1s en equipo Actuamos con integridad Impulsamos el aprendizaje Tratamos a tod@s con respeto Pasi\u00f3n por la excelencia Nuestros valores Estos son los valores que caracterizan nuestra cutlura Equipo Sumamos m\u00e1s en equipo Integridad Actuamos con integridad Aprendizaje Impulsamos el aprendizaje Respeto Tratamos a tod@s con respeto Excelencia Tenemos pasi\u00f3n por la [&hellip;]<\/p>\n","protected":false},"author":1,"featured_media":0,"parent":0,"menu_order":0,"comment_status":"closed","ping_status":"closed","template":"","meta":{"site-sidebar-layout":"no-sidebar","site-content-layout":"page-builder","ast-site-content-layout":"full-width-container","site-content-style":"default","site-sidebar-style":"default","ast-global-header-display":"","ast-banner-title-visibility":"","ast-main-header-display":"","ast-hfb-above-header-display":"","ast-hfb-below-header-display":"","ast-hfb-mobile-header-display":"","site-post-title":"","ast-breadcrumbs-content":"","ast-featured-img":"disabled","footer-sml-layout":"","ast-disable-related-posts":"","theme-transparent-header-meta":"","adv-header-id-meta":"","stick-header-meta":"","header-above-stick-meta":"","header-main-stick-meta":"","header-below-stick-meta":"","astra-migrate-meta-layouts":"set","ast-page-background-enabled":"default","ast-page-background-meta":{"desktop":{"background-color":"var(--ast-global-color-4)","background-image":"","background-repeat":"repeat","background-position":"center center","background-size":"auto","background-attachment":"scroll","background-type":"","background-media":"","overlay-type":"","overlay-color":"","overlay-opacity":"","overlay-gradient":""},"tablet":{"background-color":"","background-image":"","background-repeat":"repeat","background-position":"center center","background-size":"auto","background-attachment":"scroll","background-type":"","background-media":"","overlay-type":"","overlay-color":"","overlay-opacity":"","overlay-gradient":""},"mobile":{"background-color":"","background-image":"","background-repeat":"repeat","background-position":"center center","background-size":"auto","background-attachment":"scroll","background-type":"","background-media":"","overlay-type":"","overlay-color":"","overlay-opacity":"","overlay-gradient":""}},"ast-content-background-meta":{"desktop":{"background-color":"var(--ast-global-color-5)","background-image":"","background-repeat":"repeat","background-position":"center center","background-size":"auto","background-attachment":"scroll","background-type":"","background-media":"","overlay-type":"","overlay-color":"","overlay-opacity":"","overlay-gradient":""},"tablet":{"background-color":"var(--ast-global-color-5)","background-image":"","background-repeat":"repeat","background-position":"center center","background-size":"auto","background-attachment":"scroll","background-type":"","background-media":"","overlay-type":"","overlay-color":"","overlay-opacity":"","overlay-gradient":""},"mobile":{"background-color":"var(--ast-global-color-5)","background-image":"","background-repeat":"repeat","background-position":"center center","background-size":"auto","background-attachment":"scroll","background-type":"","background-media":"","overlay-type":"","overlay-color":"","overlay-opacity":"","overlay-gradient":""}},"footnotes":""},"class_list":["post-9422","page","type-page","status-publish","hentry"],"_links":{"self":[{"href":"https:\/\/www.austral.com.pe\/en\/wp-json\/wp\/v2\/pages\/9422","targetHints":{"allow":["GET"]}}],"collection":[{"href":"https:\/\/www.austral.com.pe\/en\/wp-json\/wp\/v2\/pages"}],"about":[{"href":"https:\/\/www.austral.com.pe\/en\/wp-json\/wp\/v2\/types\/page"}],"author":[{"embeddable":true,"href":"https:\/\/www.austral.com.pe\/en\/wp-json\/wp\/v2\/users\/1"}],"replies":[{"embeddable":true,"href":"https:\/\/www.austral.com.pe\/en\/wp-json\/wp\/v2\/comments?post=9422"}],"version-history":[{"count":58,"href":"https:\/\/www.austral.com.pe\/en\/wp-json\/wp\/v2\/pages\/9422\/revisions"}],"predecessor-version":[{"id":9534,"href":"https:\/\/www.austral.com.pe\/en\/wp-json\/wp\/v2\/pages\/9422\/revisions\/9534"}],"wp:attachment":[{"href":"https:\/\/www.austral.com.pe\/en\/wp-json\/wp\/v2\/media?parent=9422"}],"curies":[{"name":"wp","href":"https:\/\/api.w.org\/{rel}","templated":true}]}}